{"id":1028,"date":"2015-06-29T18:02:56","date_gmt":"2015-06-29T16:02:56","guid":{"rendered":"https:\/\/sy-caroline.de\/?page_id=1028"},"modified":"2021-03-21T02:09:50","modified_gmt":"2021-03-21T01:09:50","slug":"karlskrona-bornholm","status":"publish","type":"page","link":"https:\/\/sy-caroline.de\/?page_id=1028","title":{"rendered":"Karlskrona-Kloster-Neuhof"},"content":{"rendered":"<p><strong>7. Etappe Karlskrona-Kloster\/Hiddensee-Neuhof 27.07.-16.08.2015<\/strong><\/p>\n<p>Karlskrona ist die schwedische Stadt mit einer gro\u00dfen maritimen Geschichte und Heimathafen der schwedischen Kriegmarine. Hier haben wir das Seefahrer-Museum besucht. Am meisten hat uns das recht moderne U-Boot beeindruckt.<\/p>\n<p><a href=\"https:\/\/i0.wp.com\/sy-caroline.de\/wp-content\/uploads\/00114.jpg?ssl=1\"><img data-recalc-dims=\"1\" loading=\"lazy\" decoding=\"async\" class=\"alignleft wp-image-1294\" src=\"https:\/\/i0.wp.com\/sy-caroline.de\/wp-content\/uploads\/00114.jpg?resize=251%2C335&#038;ssl=1\" alt=\"001\" width=\"251\" height=\"335\" srcset=\"https:\/\/i0.wp.com\/sy-caroline.de\/wp-content\/uploads\/00114.jpg?resize=225%2C300&amp;ssl=1 225w, https:\/\/i0.wp.com\/sy-caroline.de\/wp-content\/uploads\/00114.jpg?resize=768%2C1024&amp;ssl=1 768w, https:\/\/i0.wp.com\/sy-caroline.de\/wp-content\/uploads\/00114.jpg?w=1280&amp;ssl=1 1280w, https:\/\/i0.wp.com\/sy-caroline.de\/wp-content\/uploads\/00114.jpg?w=1920&amp;ssl=1 1920w\" sizes=\"auto, (max-width: 251px) 100vw, 251px\" \/><\/a> <a href=\"https:\/\/i0.wp.com\/sy-caroline.de\/wp-content\/uploads\/0067.jpg?ssl=1\"><img data-recalc-dims=\"1\" loading=\"lazy\" decoding=\"async\" class=\"alignleft wp-image-1293\" src=\"https:\/\/i0.wp.com\/sy-caroline.de\/wp-content\/uploads\/0067.jpg?resize=251%2C335&#038;ssl=1\" alt=\"006\" width=\"251\" height=\"335\" srcset=\"https:\/\/i0.wp.com\/sy-caroline.de\/wp-content\/uploads\/0067.jpg?resize=225%2C300&amp;ssl=1 225w, https:\/\/i0.wp.com\/sy-caroline.de\/wp-content\/uploads\/0067.jpg?resize=768%2C1024&amp;ssl=1 768w, https:\/\/i0.wp.com\/sy-caroline.de\/wp-content\/uploads\/0067.jpg?w=1280&amp;ssl=1 1280w, https:\/\/i0.wp.com\/sy-caroline.de\/wp-content\/uploads\/0067.jpg?w=1920&amp;ssl=1 1920w\" sizes=\"auto, (max-width: 251px) 100vw, 251px\" \/><\/a><\/p>\n<p>&nbsp;<\/p>\n<p>&nbsp;<\/p>\n<p>&nbsp;<\/p>\n<p>&nbsp;<\/p>\n<p>&nbsp;<\/p>\n<p>&nbsp;<\/p>\n<p>&nbsp;<\/p>\n<p>&nbsp;<\/p>\n<p>&nbsp;<\/p>\n<p>&nbsp;<\/p>\n<p>Durch das Periskop hatte man einen tollen \u00dcberblick \u00fcber den Hafen da es \u00fcber dem Dach des Museums endete.<\/p>\n<p><a href=\"https:\/\/i0.wp.com\/sy-caroline.de\/wp-content\/uploads\/0123.jpg?ssl=1\"><img data-recalc-dims=\"1\" loading=\"lazy\" decoding=\"async\" class=\"alignleft size-medium wp-image-1295\" src=\"https:\/\/i0.wp.com\/sy-caroline.de\/wp-content\/uploads\/0123.jpg?resize=300%2C300&#038;ssl=1\" alt=\"012\" width=\"300\" height=\"300\" srcset=\"https:\/\/i0.wp.com\/sy-caroline.de\/wp-content\/uploads\/0123.jpg?resize=300%2C300&amp;ssl=1 300w, https:\/\/i0.wp.com\/sy-caroline.de\/wp-content\/uploads\/0123.jpg?resize=150%2C150&amp;ssl=1 150w, https:\/\/i0.wp.com\/sy-caroline.de\/wp-content\/uploads\/0123.jpg?resize=1024%2C1024&amp;ssl=1 1024w, https:\/\/i0.wp.com\/sy-caroline.de\/wp-content\/uploads\/0123.jpg?w=1280&amp;ssl=1 1280w, https:\/\/i0.wp.com\/sy-caroline.de\/wp-content\/uploads\/0123.jpg?w=1920&amp;ssl=1 1920w\" sizes=\"auto, (max-width: 300px) 100vw, 300px\" \/><\/a> <a href=\"https:\/\/i0.wp.com\/sy-caroline.de\/wp-content\/uploads\/0222.jpg?ssl=1\"><img data-recalc-dims=\"1\" loading=\"lazy\" decoding=\"async\" class=\"alignleft size-medium wp-image-1296\" src=\"https:\/\/i0.wp.com\/sy-caroline.de\/wp-content\/uploads\/0222.jpg?resize=225%2C300&#038;ssl=1\" alt=\"022\" width=\"225\" height=\"300\" srcset=\"https:\/\/i0.wp.com\/sy-caroline.de\/wp-content\/uploads\/0222.jpg?resize=225%2C300&amp;ssl=1 225w, https:\/\/i0.wp.com\/sy-caroline.de\/wp-content\/uploads\/0222.jpg?resize=768%2C1024&amp;ssl=1 768w, https:\/\/i0.wp.com\/sy-caroline.de\/wp-content\/uploads\/0222.jpg?w=1280&amp;ssl=1 1280w, https:\/\/i0.wp.com\/sy-caroline.de\/wp-content\/uploads\/0222.jpg?w=1920&amp;ssl=1 1920w\" sizes=\"auto, (max-width: 225px) 100vw, 225px\" \/><\/a><\/p>\n<p>&nbsp;<\/p>\n<p>&nbsp;<\/p>\n<p>&nbsp;<\/p>\n<p>&nbsp;<\/p>\n<p>&nbsp;<\/p>\n<p>&nbsp;<\/p>\n<p>&nbsp;<\/p>\n<p>&nbsp;<\/p>\n<p>&nbsp;<\/p>\n<p>Anne fand das Rettungsboot mit Schweinchen sehr lustig, Jochen hat der vor der Deutschen Kirche stehenden Figur den Hut gel\u00fcftet eine eine kleine Spende im Sch\u00e4delschlitz hinterlassen.<\/p>\n<p>&nbsp;<\/p>\n<p><a href=\"https:\/\/i0.wp.com\/sy-caroline.de\/wp-content\/uploads\/0262.jpg?ssl=1\"><img data-recalc-dims=\"1\" loading=\"lazy\" decoding=\"async\" class=\"alignleft wp-image-1303\" src=\"https:\/\/i0.wp.com\/sy-caroline.de\/wp-content\/uploads\/0262.jpg?resize=187%2C249&#038;ssl=1\" alt=\"026\" width=\"187\" height=\"249\" srcset=\"https:\/\/i0.wp.com\/sy-caroline.de\/wp-content\/uploads\/0262.jpg?resize=225%2C300&amp;ssl=1 225w, https:\/\/i0.wp.com\/sy-caroline.de\/wp-content\/uploads\/0262.jpg?resize=768%2C1024&amp;ssl=1 768w, https:\/\/i0.wp.com\/sy-caroline.de\/wp-content\/uploads\/0262.jpg?w=1280&amp;ssl=1 1280w, https:\/\/i0.wp.com\/sy-caroline.de\/wp-content\/uploads\/0262.jpg?w=1920&amp;ssl=1 1920w\" sizes=\"auto, (max-width: 187px) 100vw, 187px\" \/><\/a> <a href=\"https:\/\/i0.wp.com\/sy-caroline.de\/wp-content\/uploads\/024a.jpg?ssl=1\"><img data-recalc-dims=\"1\" loading=\"lazy\" decoding=\"async\" class=\"alignleft wp-image-1297\" src=\"https:\/\/i0.wp.com\/sy-caroline.de\/wp-content\/uploads\/024a.jpg?resize=336%2C248&#038;ssl=1\" alt=\"024a\" width=\"336\" height=\"248\" srcset=\"https:\/\/i0.wp.com\/sy-caroline.de\/wp-content\/uploads\/024a.jpg?resize=300%2C221&amp;ssl=1 300w, https:\/\/i0.wp.com\/sy-caroline.de\/wp-content\/uploads\/024a.jpg?resize=1024%2C756&amp;ssl=1 1024w, https:\/\/i0.wp.com\/sy-caroline.de\/wp-content\/uploads\/024a.jpg?w=1280&amp;ssl=1 1280w, https:\/\/i0.wp.com\/sy-caroline.de\/wp-content\/uploads\/024a.jpg?w=1920&amp;ssl=1 1920w\" sizes=\"auto, (max-width: 336px) 100vw, 336px\" \/><\/a><\/p>\n<p>&nbsp;<\/p>\n<p>&nbsp;<\/p>\n<p>&nbsp;<\/p>\n<p>&nbsp;<\/p>\n<p>&nbsp;<\/p>\n<p>&nbsp;<\/p>\n<p>&nbsp;<\/p>\n<p>Karlskrona hat nicht nur sch\u00f6ne Kirchen sondern ist auch eine Stadt der Kaninchen, sie waren \u00fcberall anzutreffen.<\/p>\n<p>Leider m\u00fcssen wir unseren Plan, \u00fcber Bornholm nach Deutschland zur\u00fcckzukehren fallen lassen, der Wind l\u00e4sst es nicht zu.<\/p>\n<p>Wir haben die Han\u00f6-Bucht \u00fcberquert und sind abends in Sirmeshamn eingelaufen. Ganz am Ende der Marina haben wir noch einen Liegeplatz gefunden. Hatte sich keiner hingetraut das die Zufahrt zum hinteren Teil der Marina durch einen deutschen Kat etwas eng war.<\/p>\n<p><a href=\"https:\/\/i0.wp.com\/sy-caroline.de\/wp-content\/uploads\/k-3f1.jpg?ssl=1\"><img data-recalc-dims=\"1\" loading=\"lazy\" decoding=\"async\" class=\"alignleft wp-image-1306\" src=\"https:\/\/i0.wp.com\/sy-caroline.de\/wp-content\/uploads\/k-3f1.jpg?resize=337%2C190&#038;ssl=1\" alt=\"k-3f1\" width=\"337\" height=\"190\" srcset=\"https:\/\/i0.wp.com\/sy-caroline.de\/wp-content\/uploads\/k-3f1.jpg?resize=300%2C169&amp;ssl=1 300w, https:\/\/i0.wp.com\/sy-caroline.de\/wp-content\/uploads\/k-3f1.jpg?resize=1024%2C576&amp;ssl=1 1024w, https:\/\/i0.wp.com\/sy-caroline.de\/wp-content\/uploads\/k-3f1.jpg?w=1600&amp;ssl=1 1600w, https:\/\/i0.wp.com\/sy-caroline.de\/wp-content\/uploads\/k-3f1.jpg?w=1280&amp;ssl=1 1280w\" sizes=\"auto, (max-width: 337px) 100vw, 337px\" \/><\/a> <a href=\"https:\/\/i0.wp.com\/sy-caroline.de\/wp-content\/uploads\/0353.jpg?ssl=1\"><img data-recalc-dims=\"1\" loading=\"lazy\" decoding=\"async\" class=\"alignleft wp-image-1298\" src=\"https:\/\/i0.wp.com\/sy-caroline.de\/wp-content\/uploads\/0353.jpg?resize=189%2C189&#038;ssl=1\" alt=\"035\" width=\"189\" height=\"189\" srcset=\"https:\/\/i0.wp.com\/sy-caroline.de\/wp-content\/uploads\/0353.jpg?resize=300%2C300&amp;ssl=1 300w, https:\/\/i0.wp.com\/sy-caroline.de\/wp-content\/uploads\/0353.jpg?resize=150%2C150&amp;ssl=1 150w, https:\/\/i0.wp.com\/sy-caroline.de\/wp-content\/uploads\/0353.jpg?resize=1024%2C1024&amp;ssl=1 1024w, https:\/\/i0.wp.com\/sy-caroline.de\/wp-content\/uploads\/0353.jpg?w=1280&amp;ssl=1 1280w, https:\/\/i0.wp.com\/sy-caroline.de\/wp-content\/uploads\/0353.jpg?w=1920&amp;ssl=1 1920w\" sizes=\"auto, (max-width: 189px) 100vw, 189px\" \/><\/a><\/p>\n<p>&nbsp;<\/p>\n<p>&nbsp;<\/p>\n<p>&nbsp;<\/p>\n<p>&nbsp;<\/p>\n<p>&nbsp;<\/p>\n<p>&nbsp;<\/p>\n<p>Eigentlich war f\u00fcr den Freitag Wind aus West angesagt und wir haben besseren Wissens (Wetterbericht stimmten ja meistens nicht) uns gefreut einen direkten Anlieger nach Hiddensee zu bekommen. Dort wollte Natascha f\u00fcr ein langes Wochenende an Bord kommen und Anne Am Sonntag wieder mit nach Berlin nehmen. Der Wind kam aber aus West\/S\u00fcd\/West und so konnten wir nur mit \u00e4userster M\u00fche Arkona anlaufen und mu\u00dften dann nach Hiddensee kreuzen.<\/p>\n<p><a href=\"https:\/\/i0.wp.com\/sy-caroline.de\/wp-content\/uploads\/038a.jpg?ssl=1\"><img data-recalc-dims=\"1\" loading=\"lazy\" decoding=\"async\" class=\"alignleft wp-image-1299\" src=\"https:\/\/i0.wp.com\/sy-caroline.de\/wp-content\/uploads\/038a.jpg?resize=229%2C229&#038;ssl=1\" alt=\"038a\" width=\"229\" height=\"229\" srcset=\"https:\/\/i0.wp.com\/sy-caroline.de\/wp-content\/uploads\/038a.jpg?resize=300%2C300&amp;ssl=1 300w, https:\/\/i0.wp.com\/sy-caroline.de\/wp-content\/uploads\/038a.jpg?resize=150%2C150&amp;ssl=1 150w, https:\/\/i0.wp.com\/sy-caroline.de\/wp-content\/uploads\/038a.jpg?resize=1024%2C1024&amp;ssl=1 1024w, https:\/\/i0.wp.com\/sy-caroline.de\/wp-content\/uploads\/038a.jpg?w=1280&amp;ssl=1 1280w, https:\/\/i0.wp.com\/sy-caroline.de\/wp-content\/uploads\/038a.jpg?w=1920&amp;ssl=1 1920w\" sizes=\"auto, (max-width: 229px) 100vw, 229px\" \/><\/a> <a href=\"https:\/\/i0.wp.com\/sy-caroline.de\/wp-content\/uploads\/0401.jpg?ssl=1\"><img data-recalc-dims=\"1\" loading=\"lazy\" decoding=\"async\" class=\"alignleft wp-image-1300\" src=\"https:\/\/i0.wp.com\/sy-caroline.de\/wp-content\/uploads\/0401.jpg?resize=305%2C229&#038;ssl=1\" alt=\"040\" width=\"305\" height=\"229\" srcset=\"https:\/\/i0.wp.com\/sy-caroline.de\/wp-content\/uploads\/0401.jpg?resize=300%2C225&amp;ssl=1 300w, https:\/\/i0.wp.com\/sy-caroline.de\/wp-content\/uploads\/0401.jpg?resize=1024%2C768&amp;ssl=1 1024w, https:\/\/i0.wp.com\/sy-caroline.de\/wp-content\/uploads\/0401.jpg?w=1280&amp;ssl=1 1280w, https:\/\/i0.wp.com\/sy-caroline.de\/wp-content\/uploads\/0401.jpg?w=1920&amp;ssl=1 1920w\" sizes=\"auto, (max-width: 305px) 100vw, 305px\" \/><\/a><\/p>\n<p>&nbsp;<\/p>\n<p>&nbsp;<\/p>\n<p>&nbsp;<\/p>\n<p>&nbsp;<\/p>\n<p>&nbsp;<\/p>\n<p>&nbsp;<\/p>\n<p>&nbsp;<\/p>\n<p>Erst gegen 21.00 Uhr nach 15 Stunden am Wind segeln (bei bis zu 3 Meter Welle und 5-6 Windst\u00e4rken sehr anstrengend) k\u00f6nnten wir Dank Nataschas Hilfe im Hafen Kloster noch einen Platz an einem Motorboot finden, auch hier der Hafen proppevoll.<\/p>\n<p><a href=\"https:\/\/i0.wp.com\/sy-caroline.de\/wp-content\/uploads\/0521.jpg?ssl=1\"><img data-recalc-dims=\"1\" loading=\"lazy\" decoding=\"async\" class=\"alignleft wp-image-1302\" src=\"https:\/\/i0.wp.com\/sy-caroline.de\/wp-content\/uploads\/0521.jpg?resize=259%2C194&#038;ssl=1\" alt=\"052\" width=\"259\" height=\"194\" srcset=\"https:\/\/i0.wp.com\/sy-caroline.de\/wp-content\/uploads\/0521.jpg?resize=300%2C225&amp;ssl=1 300w, https:\/\/i0.wp.com\/sy-caroline.de\/wp-content\/uploads\/0521.jpg?resize=1024%2C768&amp;ssl=1 1024w, https:\/\/i0.wp.com\/sy-caroline.de\/wp-content\/uploads\/0521.jpg?w=1280&amp;ssl=1 1280w, https:\/\/i0.wp.com\/sy-caroline.de\/wp-content\/uploads\/0521.jpg?w=1920&amp;ssl=1 1920w\" sizes=\"auto, (max-width: 259px) 100vw, 259px\" \/><\/a><a href=\"https:\/\/i0.wp.com\/sy-caroline.de\/wp-content\/uploads\/IMG_05491.jpg?ssl=1\"><img data-recalc-dims=\"1\" loading=\"lazy\" decoding=\"async\" class=\"alignleft wp-image-1333\" src=\"https:\/\/i0.wp.com\/sy-caroline.de\/wp-content\/uploads\/IMG_05491.jpg?resize=259%2C194&#038;ssl=1\" alt=\"IMG_0549[1]\" width=\"259\" height=\"194\" srcset=\"https:\/\/i0.wp.com\/sy-caroline.de\/wp-content\/uploads\/IMG_05491.jpg?resize=300%2C225&amp;ssl=1 300w, https:\/\/i0.wp.com\/sy-caroline.de\/wp-content\/uploads\/IMG_05491.jpg?resize=1024%2C768&amp;ssl=1 1024w, https:\/\/i0.wp.com\/sy-caroline.de\/wp-content\/uploads\/IMG_05491.jpg?w=1280&amp;ssl=1 1280w, https:\/\/i0.wp.com\/sy-caroline.de\/wp-content\/uploads\/IMG_05491.jpg?w=1920&amp;ssl=1 1920w\" sizes=\"auto, (max-width: 259px) 100vw, 259px\" \/><\/a><\/p>\n<p>&nbsp;<\/p>\n<p>&nbsp;<\/p>\n<p>&nbsp;<\/p>\n<p>&nbsp;<\/p>\n<p>&nbsp;<\/p>\n<p>Seit Sonntag Abend bin ich nun allein auf dem Boot, Anne und Natascha sind mit der F\u00e4hre abgereist.<\/p>\n<p>Am Boot ist einiges in Ordnung zu bringen, so hatten wir nach der \u00dcberfahrt aus Schweden c. 20 Liter Meerwasser in der Bilge und ich werde mich auf die Suche nach der undichten Stelle machen.<\/p>\n<p>Aber bereits am Freitag war Natascha mit Enkel Johan zur\u00fcck.<\/p>\n<p><a href=\"https:\/\/i0.wp.com\/sy-caroline.de\/wp-content\/uploads\/IMG_3112.jpg?ssl=1\"><img data-recalc-dims=\"1\" loading=\"lazy\" decoding=\"async\" class=\"alignleft wp-image-1317\" src=\"https:\/\/i0.wp.com\/sy-caroline.de\/wp-content\/uploads\/IMG_3112.jpg?resize=259%2C194&#038;ssl=1\" alt=\"IMG_3112\" width=\"259\" height=\"194\" srcset=\"https:\/\/i0.wp.com\/sy-caroline.de\/wp-content\/uploads\/IMG_3112.jpg?resize=300%2C225&amp;ssl=1 300w, https:\/\/i0.wp.com\/sy-caroline.de\/wp-content\/uploads\/IMG_3112.jpg?resize=1024%2C768&amp;ssl=1 1024w, https:\/\/i0.wp.com\/sy-caroline.de\/wp-content\/uploads\/IMG_3112.jpg?w=1280&amp;ssl=1 1280w, https:\/\/i0.wp.com\/sy-caroline.de\/wp-content\/uploads\/IMG_3112.jpg?w=1920&amp;ssl=1 1920w\" sizes=\"auto, (max-width: 259px) 100vw, 259px\" \/><\/a> <a href=\"https:\/\/i0.wp.com\/sy-caroline.de\/wp-content\/uploads\/IMG_3116.jpg?ssl=1\"><img data-recalc-dims=\"1\" loading=\"lazy\" decoding=\"async\" class=\"alignleft wp-image-1318\" src=\"https:\/\/i0.wp.com\/sy-caroline.de\/wp-content\/uploads\/IMG_3116.jpg?resize=259%2C194&#038;ssl=1\" alt=\"IMG_3116\" width=\"259\" height=\"194\" srcset=\"https:\/\/i0.wp.com\/sy-caroline.de\/wp-content\/uploads\/IMG_3116.jpg?resize=300%2C225&amp;ssl=1 300w, https:\/\/i0.wp.com\/sy-caroline.de\/wp-content\/uploads\/IMG_3116.jpg?resize=1024%2C768&amp;ssl=1 1024w, https:\/\/i0.wp.com\/sy-caroline.de\/wp-content\/uploads\/IMG_3116.jpg?w=1280&amp;ssl=1 1280w, https:\/\/i0.wp.com\/sy-caroline.de\/wp-content\/uploads\/IMG_3116.jpg?w=1920&amp;ssl=1 1920w\" sizes=\"auto, (max-width: 259px) 100vw, 259px\" \/><\/a><\/p>\n<p>&nbsp;<\/p>\n<p>&nbsp;<\/p>\n<p>&nbsp;<\/p>\n<p>&nbsp;<\/p>\n<p>&nbsp;<\/p>\n<p>Das Wetter war traumhaft und wir hatten die ersten richtigen Hochsommertage auf Hiddensee.<\/p>\n<p><a href=\"https:\/\/i0.wp.com\/sy-caroline.de\/wp-content\/uploads\/IMG_3124-e1440584764896.jpg?ssl=1\"><img data-recalc-dims=\"1\" loading=\"lazy\" decoding=\"async\" class=\"alignleft wp-image-1320\" src=\"https:\/\/i0.wp.com\/sy-caroline.de\/wp-content\/uploads\/IMG_3124-e1440584764896-300x230.jpg?resize=255%2C195&#038;ssl=1\" alt=\"IMG_3124\" width=\"255\" height=\"195\" srcset=\"https:\/\/i0.wp.com\/sy-caroline.de\/wp-content\/uploads\/IMG_3124-e1440584764896.jpg?resize=300%2C230&amp;ssl=1 300w, https:\/\/i0.wp.com\/sy-caroline.de\/wp-content\/uploads\/IMG_3124-e1440584764896.jpg?resize=1024%2C784&amp;ssl=1 1024w, https:\/\/i0.wp.com\/sy-caroline.de\/wp-content\/uploads\/IMG_3124-e1440584764896.jpg?w=1991&amp;ssl=1 1991w, https:\/\/i0.wp.com\/sy-caroline.de\/wp-content\/uploads\/IMG_3124-e1440584764896.jpg?w=1280&amp;ssl=1 1280w, https:\/\/i0.wp.com\/sy-caroline.de\/wp-content\/uploads\/IMG_3124-e1440584764896.jpg?w=1920&amp;ssl=1 1920w\" sizes=\"auto, (max-width: 255px) 100vw, 255px\" \/><\/a> <a href=\"https:\/\/i0.wp.com\/sy-caroline.de\/wp-content\/uploads\/IMG_3106.jpg?ssl=1\"><img data-recalc-dims=\"1\" loading=\"lazy\" decoding=\"async\" class=\"alignleft wp-image-1321 \" src=\"https:\/\/i0.wp.com\/sy-caroline.de\/wp-content\/uploads\/IMG_3106-e1440584366408-300x225.jpg?resize=261%2C196&#038;ssl=1\" alt=\"IMG_3106\" width=\"261\" height=\"196\" srcset=\"https:\/\/i0.wp.com\/sy-caroline.de\/wp-content\/uploads\/IMG_3106-e1440584366408.jpg?resize=300%2C225&amp;ssl=1 300w, https:\/\/i0.wp.com\/sy-caroline.de\/wp-content\/uploads\/IMG_3106-e1440584366408.jpg?resize=1024%2C768&amp;ssl=1 1024w, https:\/\/i0.wp.com\/sy-caroline.de\/wp-content\/uploads\/IMG_3106-e1440584366408.jpg?w=1280&amp;ssl=1 1280w, https:\/\/i0.wp.com\/sy-caroline.de\/wp-content\/uploads\/IMG_3106-e1440584366408.jpg?w=1920&amp;ssl=1 1920w\" sizes=\"auto, (max-width: 261px) 100vw, 261px\" \/><\/a><\/p>\n<p>&nbsp;<\/p>\n<p>&nbsp;<\/p>\n<p>&nbsp;<\/p>\n<p>&nbsp;<\/p>\n<p>&nbsp;<\/p>\n<p>Johan hatte schnell neue Freunde gefunden die auch sein Interesse am Angeln teilten und wir hatten nette Bootsnachbarn kennengelernt.<\/p>\n<p><a href=\"https:\/\/i0.wp.com\/sy-caroline.de\/wp-content\/uploads\/IMG_3147.jpg?ssl=1\"><img data-recalc-dims=\"1\" loading=\"lazy\" decoding=\"async\" class=\"alignleft wp-image-1316\" src=\"https:\/\/i0.wp.com\/sy-caroline.de\/wp-content\/uploads\/IMG_3147.jpg?resize=171%2C228&#038;ssl=1\" alt=\"IMG_3147\" width=\"171\" height=\"228\" srcset=\"https:\/\/i0.wp.com\/sy-caroline.de\/wp-content\/uploads\/IMG_3147.jpg?resize=225%2C300&amp;ssl=1 225w, https:\/\/i0.wp.com\/sy-caroline.de\/wp-content\/uploads\/IMG_3147.jpg?resize=768%2C1024&amp;ssl=1 768w, https:\/\/i0.wp.com\/sy-caroline.de\/wp-content\/uploads\/IMG_3147.jpg?w=1280&amp;ssl=1 1280w, https:\/\/i0.wp.com\/sy-caroline.de\/wp-content\/uploads\/IMG_3147.jpg?w=1920&amp;ssl=1 1920w\" sizes=\"auto, (max-width: 171px) 100vw, 171px\" \/><\/a><a href=\"https:\/\/i0.wp.com\/sy-caroline.de\/wp-content\/uploads\/Ostseerund.jpg?ssl=1\"><img data-recalc-dims=\"1\" loading=\"lazy\" decoding=\"async\" class=\"alignleft wp-image-1323\" src=\"https:\/\/i0.wp.com\/sy-caroline.de\/wp-content\/uploads\/Ostseerund.jpg?resize=371%2C228&#038;ssl=1\" alt=\"Ostseerund\" width=\"371\" height=\"228\" srcset=\"https:\/\/i0.wp.com\/sy-caroline.de\/wp-content\/uploads\/Ostseerund.jpg?resize=300%2C184&amp;ssl=1 300w, https:\/\/i0.wp.com\/sy-caroline.de\/wp-content\/uploads\/Ostseerund.jpg?w=935&amp;ssl=1 935w\" sizes=\"auto, (max-width: 371px) 100vw, 371px\" \/><\/a><\/p>\n<p>Am 16.08.2015 endete unsere Ostseerundreise nach ca. 2.025 sm (3.750km) und den Besuch von 8 L\u00e4ndern wieder in Neuhof. Wir hatten wundersch\u00f6ne Erlebnisse, tolle Crews und bis auf den Gennacker keine Sch\u00e4den. Beim n\u00e4chsten Mal werden wir die Reise nicht so durchplanen und uns mehr Zeit lassen f\u00fcr Land und Leute.<\/p>\n<p>&nbsp;<\/p>\n<p><strong><em>&#8222;POST AUS PETERSBURG&#8220;<\/em><\/strong><\/p>\n<p>Wir haben inzwischen in Berlin 3 Einschreiben aus Russland erhalten.<\/p>\n<ol>\n<li>Aufforderung zur Einsicht der Akten in Petersburg<\/li>\n<li>Termin der Verhandlung<\/li>\n<li>Urteilsverk\u00fcndung<\/li>\n<\/ol>\n<p>Um es kurz zu machen, wir haben auf die Akteneinsicht und Teilnahme an der Verhandlung verzichtet und akzeptieren die verh\u00e4ngte Strafe von 2.000 Rubeln (30\u20ac)!<\/p>\n<p>Daf\u00fcr der ganze Aufwand!<\/p>\n<p>Im Urteil stand das es <strong>keine Beschlagnahme des Alkohols<\/strong> gegeben hat! Also alles nur Theater und der Zollchef wollte sich bereichern. Deshalb auch erst die Aussage wir d\u00fcrfen pro Person 3 Liter behalten und anschlie\u00dfend wurde doch alles beschlagnahmt.<\/p>\n<p>Aber wir haben Gl\u00fcck gehabt, folgendes stand in der Berliner Zeitung vom 21.08.2015<\/p>\n<p><a href=\"https:\/\/i0.wp.com\/sy-caroline.de\/wp-content\/uploads\/Zoll6-e1440583326744.jpg?ssl=1\"><img data-recalc-dims=\"1\" loading=\"lazy\" decoding=\"async\" class=\"alignleft size-medium wp-image-1313\" src=\"https:\/\/i0.wp.com\/sy-caroline.de\/wp-content\/uploads\/Zoll6-e1440583326744-297x300.jpg?resize=297%2C300&#038;ssl=1\" alt=\"Zoll\" width=\"297\" height=\"300\" srcset=\"https:\/\/i0.wp.com\/sy-caroline.de\/wp-content\/uploads\/Zoll6-e1440583326744.jpg?resize=297%2C300&amp;ssl=1 297w, https:\/\/i0.wp.com\/sy-caroline.de\/wp-content\/uploads\/Zoll6-e1440583326744.jpg?w=596&amp;ssl=1 596w\" sizes=\"auto, (max-width: 297px) 100vw, 297px\" \/><\/a><\/p>\n<p>&nbsp;<\/p>\n<p>&nbsp;<\/p>\n<p>&nbsp;<\/p>\n<p>&nbsp;<\/p>\n<p>&nbsp;<\/p>\n<p>&nbsp;<\/p>\n<p>&nbsp;<\/p>\n<p>&nbsp;<\/p>\n<p>&nbsp;<\/p>\n<p>Inzwischen haben wir ein Telegramm aus Petersburg erhalten, das Verfahren ist doch nicht abgeschlossen. Das Urteil \u00fcber 2.000 Rubel war nur die Strafe f\u00fcr die nicht Deklarierung des Alkohols, ein weiteres Verfahren findet Ende September statt, dann geht es wohl um die Menge die wir mitgef\u00fchrt hatten&#8230;<\/p>\n<p><span style=\"text-decoration: underline; color: #ff0000;\">Mal sehen was noch f\u00fcr eine Strafe folgt!<\/span><\/p>\n","protected":false},"excerpt":{"rendered":"<p>7. Etappe Karlskrona-Kloster\/Hiddensee-Neuhof 27.07.-16.08.2015 Karlskrona ist die schwedische Stadt mit einer gro\u00dfen maritimen Geschichte und Heimathafen der schwedischen Kriegmarine. Hier haben wir das Seefahrer-Museum besucht. Am meisten hat uns das recht moderne U-Boot beeindruckt. &nbsp; &nbsp; &nbsp; &nbsp; &nbsp; &nbsp; &hellip; <a href=\"https:\/\/sy-caroline.de\/?page_id=1028\">Weiterlesen <span class=\"meta-nav\">&rarr;<\/span><\/a><\/p>\n","protected":false},"author":4,"featured_media":0,"parent":644,"menu_order":6,"comment_status":"closed","ping_status":"closed","template":"","meta":{"jetpack_post_was_ever_published":false,"footnotes":""},"class_list":["post-1028","page","type-page","status-publish","hentry"],"jetpack_shortlink":"https:\/\/wp.me\/PaRELV-gA","jetpack_sharing_enabled":true,"_links":{"self":[{"href":"https:\/\/sy-caroline.de\/index.php?rest_route=\/wp\/v2\/pages\/1028","targetHints":{"allow":["GET"]}}],"collection":[{"href":"https:\/\/sy-caroline.de\/index.php?rest_route=\/wp\/v2\/pages"}],"about":[{"href":"https:\/\/sy-caroline.de\/index.php?rest_route=\/wp\/v2\/types\/page"}],"author":[{"embeddable":true,"href":"https:\/\/sy-caroline.de\/index.php?rest_route=\/wp\/v2\/users\/4"}],"replies":[{"embeddable":true,"href":"https:\/\/sy-caroline.de\/index.php?rest_route=%2Fwp%2Fv2%2Fcomments&post=1028"}],"version-history":[{"count":25,"href":"https:\/\/sy-caroline.de\/index.php?rest_route=\/wp\/v2\/pages\/1028\/revisions"}],"predecessor-version":[{"id":4847,"href":"https:\/\/sy-caroline.de\/index.php?rest_route=\/wp\/v2\/pages\/1028\/revisions\/4847"}],"up":[{"embeddable":true,"href":"https:\/\/sy-caroline.de\/index.php?rest_route=\/wp\/v2\/pages\/644"}],"wp:attachment":[{"href":"https:\/\/sy-caroline.de\/index.php?rest_route=%2Fwp%2Fv2%2Fmedia&parent=1028"}],"curies":[{"name":"wp","href":"https:\/\/api.w.org\/{rel}","templated":true}]}}