{"id":1885,"date":"2019-02-14T23:29:05","date_gmt":"2019-02-14T22:29:05","guid":{"rendered":"https:\/\/sy-caroline.de\/?page_id=1885"},"modified":"2025-09-17T18:27:24","modified_gmt":"2025-09-17T16:27:24","slug":"datenschutzerklaerung","status":"publish","type":"page","link":"https:\/\/sy-caroline.de\/?page_id=1885","title":{"rendered":"Datenschutzerkl\u00e4rung"},"content":{"rendered":"\n<h2 class=\"wp-block-heading\"><\/h2>\n\n\n\n<p><\/p>\n\n\n\n<p><strong>Skipper immer erreichbar&#8230;<\/strong><\/p>\n\n\n\n<figure class=\"wp-block-image\"><img data-recalc-dims=\"1\" loading=\"lazy\" decoding=\"async\" width=\"277\" height=\"208\" src=\"https:\/\/i0.wp.com\/sy-caroline.de\/wp-content\/uploads\/grafik.png?resize=277%2C208&#038;ssl=1\" alt=\"\" class=\"wp-image-1887\"\/><\/figure>\n\n\n\n<p><strong>info [at] sy-caroline.de<\/strong><\/p>\n\n\n\n<p><strong>Datenschutz<\/strong><\/p>\n\n\n\n<p><strong>Nutzung der\nvorstehenden Daten<\/strong><\/p>\n\n\n\n<p>Es wird\nausdr\u00fccklich widersprochen, die im Impressum und in den ver\u00f6ffentlichten\nKontaktdaten angegebenen Informationen zur \u00dcbersendung von nicht angeforderter\nWerbung und Informationsmaterial zu nutzen.<\/p>\n\n\n\n<p><strong>Datenschutzerkl\u00e4rung\n(DSGVO)<\/strong><\/p>\n\n\n\n<p>Gegenstand\ndes Datenschutzes:<\/p>\n\n\n\n<p>Der Schutz\nIhrer Privatsph\u00e4re hat f\u00fcr uns einen hohen Stellenwert. Die folgenden\nDatenschutzbestimmungen sind daf\u00fcr gedacht, Sie \u00fcber unsere Handhabung der\nErhebung, Verwendung und Weitergabe von Daten zu informieren.<\/p>\n\n\n\n<p>Allgemeiner\nDatenschutzhinweis:<\/p>\n\n\n\n<p>Wenn Sie den\nInternet-Auftritt der SY-Karoline.de oder SY-Caroline.de aufrufen oder Daten\nvon diesen Seiten herunterladen, werden hier\u00fcber Informationen von uns in einer\nProtokolldatei gespeichert und verarbeitet. Dieser Vorgang erfolgt\nanonymisiert. R\u00fcckschl\u00fcsse auf Ihre Person sind nicht m\u00f6glich.<\/p>\n\n\n\n<p>Diese Daten\nwerden nicht zu kommerziellen Zwecken genutzt. Die Auswertung dient allein der\nstatistischen Aufbereitung und Verbesserung unseres Internet-Angebots. Nach\ndieser Verwendung erfolgt die L\u00f6schung Ihrer Daten. Eine dauerhafte Speicherung\nist ausgeschlossen. Sie k\u00f6nnen dieser Datenerhebung, -speicherung und\n-verarbeitung jederzeit widersprechen.<\/p>\n\n\n\n<p>Ihre Daten\nwerden ausschlie\u00dflich von uns verwendet. Eine Weitergabe an Dritte erfolgt\nnicht. Zur Datenerhebung und Speicherung setzen wir auch sogenannte Cookies\nein. Cookies sind kleine Datenpakete, die Ihr Browser auf unsere Veranlassung\nin Ihrem Endger\u00e4t speichert. Dort richten sie keinen Schaden an. Sie enthalten\nkeine Viren und erlauben uns nicht, Sie auszusp\u00e4hen. Verwendung finden dabei\nzwei Arten von Cookies. Tempor\u00e4re Cookies werden mit dem Schlie\u00dfen Ihres\nBrowsers automatisch gel\u00f6scht (Session-Cookies). Dauerhafte Cookies haben\ndemgegen\u00fcber eine maximale Lebensdauer von bis zu 3 Jahren. Diese Art von\nCookies erm\u00f6glicht es, dass sie beim Wiederaufruf nach Verlassen der Website\nwiedererkannt werden. Sie sollen Ihnen au\u00dferdem ein optimiertes Surfen auf unserer\nWebsite erm\u00f6glichen. Auch diese Daten erheben wir nur in anonymisierter bzw.\npseudonomisierter Form. Sie k\u00f6nnen Ihren Internetbrowser so einstellen, dass\nunsere Cookies nicht auf Ihrem Endger\u00e4t ablegt werden k\u00f6nnen oder bereits\nabgelegte Cookies gel\u00f6scht werden.<\/p>\n\n\n\n<p>Umfang der\nDatenerhebung und Datenspeicherung:<\/p>\n\n\n\n<p>F\u00fcr die\nNutzung unserer Internetseite ist es nicht erforderlich, dass Sie\npersonenbezogene Daten angeben.<\/p>\n\n\n\n<p>Zweckgebundene\nDatenverwendung:<\/p>\n\n\n\n<p>Wir beachten\nden Grundsatz der zweckgebundenen Daten-Verwendung und erheben, verarbeiten und\nspeichern Ihre personenbezogenen Daten nur f\u00fcr die Zwecke, f\u00fcr die Sie sie uns\nmitgeteilt haben. Eine Weitergabe Ihrer pers\u00f6nlichen Daten an Dritte erfolgt\nohne Ihre ausdr\u00fcckliche Einwilligung nicht, sofern dies nicht zur Erbringung\nder Dienstleistung oder zur Vertragsdurchf\u00fchrung notwendig ist.<\/p>\n\n\n\n<p>Auch die\n\u00dcbermittlung an auskunftsberechtigte staatliche Institutionen und Beh\u00f6rden\nerfolgt nur im Rahmen der gesetzlichen Auskunftspflichten oder wenn wir durch\neine gerichtliche Entscheidung zur Auskunft verpflichtet werden.<\/p>\n\n\n\n<p>Auskunft-\nund Widerrufsrecht:<\/p>\n\n\n\n<p>Sie erhalten jederzeit ohne Angabe von Gr\u00fcnden kostenfrei Auskunft \u00fcber Ihre bei uns gespeicherten Daten. Sie k\u00f6nnen jederzeit Ihre bei uns erhobenen Daten sperren, berichtigen oder l\u00f6schen lassen. Auch k\u00f6nnen Sie jederzeit die uns erteilte Einwilligung zur Datenerhebung und Verwendung ohne Angaben von Gr\u00fcnden widerrufen. Wenden Sie sich hierzu bitte an die im Impressum angegebene Kontaktadresse. Wir stehen Ihnen jederzeit gern f\u00fcr weitergehende Fragen zu unseren Hinweisen zum Datenschutz und zur Verarbeitung Ihrer pers\u00f6nlichen Daten zur Verf\u00fcgung. Bitte beachten sie, dass sich Datenschutzbestimmungen und Handhabungen zum Datenschutz laufend \u00e4ndern k\u00f6nnen. Es ist daher ratsam und erforderlich, sich \u00fcber Ver\u00e4nderungen der gesetzlichen Bestimmungen und der Praxis von Unternehmen, laufend zu informieren.<\/p>\n\n\n<p><br \/>\n<!--StartFragment--><\/p>\n\n\n<p><strong>Impressum<\/strong><\/p>\n\n\n\n<p>A.Sch\u00e4fer<br \/>\nMollstr. &nbsp;7<br \/>\n10178 Berlin<\/p>\n\n\n\n<p>F\u00fcr die\nInhalte externer Links \u00fcbernehmen wir keine Haftung.<\/p>\n\n\n<p><!--EndFragment--><br \/>\n<br \/>\n<\/p>\n\n\n<p><\/p>\n","protected":false},"excerpt":{"rendered":"<p>Skipper immer erreichbar&#8230; info [at] sy-caroline.de Datenschutz Nutzung der vorstehenden Daten Es wird ausdr\u00fccklich widersprochen, die im Impressum und in den ver\u00f6ffentlichten Kontaktdaten angegebenen Informationen zur \u00dcbersendung von nicht angeforderter Werbung und Informationsmaterial zu nutzen. Datenschutzerkl\u00e4rung (DSGVO) Gegenstand des Datenschutzes: &hellip; <a href=\"https:\/\/sy-caroline.de\/?page_id=1885\">Weiterlesen <span class=\"meta-nav\">&rarr;<\/span><\/a><\/p>\n","protected":false},"author":4,"featured_media":0,"parent":0,"menu_order":7,"comment_status":"closed","ping_status":"closed","template":"","meta":{"jetpack_post_was_ever_published":false,"footnotes":""},"class_list":["post-1885","page","type-page","status-publish","hentry"],"jetpack_shortlink":"https:\/\/wp.me\/PaRELV-up","jetpack_sharing_enabled":true,"_links":{"self":[{"href":"https:\/\/sy-caroline.de\/index.php?rest_route=\/wp\/v2\/pages\/1885","targetHints":{"allow":["GET"]}}],"collection":[{"href":"https:\/\/sy-caroline.de\/index.php?rest_route=\/wp\/v2\/pages"}],"about":[{"href":"https:\/\/sy-caroline.de\/index.php?rest_route=\/wp\/v2\/types\/page"}],"author":[{"embeddable":true,"href":"https:\/\/sy-caroline.de\/index.php?rest_route=\/wp\/v2\/users\/4"}],"replies":[{"embeddable":true,"href":"https:\/\/sy-caroline.de\/index.php?rest_route=%2Fwp%2Fv2%2Fcomments&post=1885"}],"version-history":[{"count":4,"href":"https:\/\/sy-caroline.de\/index.php?rest_route=\/wp\/v2\/pages\/1885\/revisions"}],"predecessor-version":[{"id":6276,"href":"https:\/\/sy-caroline.de\/index.php?rest_route=\/wp\/v2\/pages\/1885\/revisions\/6276"}],"wp:attachment":[{"href":"https:\/\/sy-caroline.de\/index.php?rest_route=%2Fwp%2Fv2%2Fmedia&parent=1885"}],"curies":[{"name":"wp","href":"https:\/\/api.w.org\/{rel}","templated":true}]}}